{"id":2558,"date":"2025-02-11T19:38:41","date_gmt":"2025-02-12T00:38:41","guid":{"rendered":"https:\/\/ccsmotor.com.co\/?page_id=2558"},"modified":"2025-04-16T18:24:32","modified_gmt":"2025-04-16T23:24:32","slug":"kymco","status":"publish","type":"page","link":"https:\/\/ccsmotor.com.co\/index.php\/kymco\/","title":{"rendered":"Kymco"},"content":{"rendered":"\t\t<div data-elementor-type=\"wp-page\" data-elementor-id=\"2558\" class=\"elementor elementor-2558\" data-elementor-post-type=\"page\">\n\t\t\t\t\t\t<section class=\"elementor-section elementor-top-section elementor-element elementor-element-5ceb650 elementor-section-full_width elementor-section-height-min-height elementor-section-height-default elementor-section-items-middle\" data-id=\"5ceb650\" data-element_type=\"section\" data-e-type=\"section\" data-settings=\"{&quot;background_background&quot;:&quot;classic&quot;}\">\n\t\t\t\t\t\t<div class=\"elementor-container elementor-column-gap-no\">\n\t\t\t\t\t<div class=\"elementor-column elementor-col-100 elementor-top-column elementor-element elementor-element-eb3d7bf\" data-id=\"eb3d7bf\" data-element_type=\"column\" data-e-type=\"column\">\n\t\t\t<div class=\"elementor-widget-wrap elementor-element-populated\">\n\t\t\t\t\t\t<div class=\"elementor-element elementor-element-8c3166f elementor-widget elementor-widget-image\" data-id=\"8c3166f\" data-element_type=\"widget\" data-e-type=\"widget\" data-widget_type=\"image.default\">\n\t\t\t\t<div class=\"elementor-widget-container\">\n\t\t\t\t\t\t\t\t\t\t\t\t\t\t\t<img decoding=\"async\" width=\"298\" height=\"60\" src=\"https:\/\/ccsmotor.com.co\/wp-content\/uploads\/2025\/02\/76f5e365-9477-4864-90e3-40222d843d42___38549e4b954564dfac80296e42c6125c-1.webp\" class=\"attachment-large size-large wp-image-2561\" alt=\"\" \/>\t\t\t\t\t\t\t\t\t\t\t\t\t\t\t<\/div>\n\t\t\t\t<\/div>\n\t\t\t\t\t<\/div>\n\t\t<\/div>\n\t\t\t\t\t<\/div>\n\t\t<\/section>\n\t\t<div class=\"elementor-element elementor-element-63dca43 e-flex e-con-boxed e-con e-parent\" data-id=\"63dca43\" data-element_type=\"container\" data-e-type=\"container\" data-settings=\"{&quot;background_background&quot;:&quot;classic&quot;}\">\n\t\t\t\t\t<div class=\"e-con-inner\">\n\t\t\t\t<div class=\"elementor-element elementor-element-45ba1e3 elementor-widget elementor-widget-spacer\" data-id=\"45ba1e3\" data-element_type=\"widget\" data-e-type=\"widget\" data-widget_type=\"spacer.default\">\n\t\t\t\t<div class=\"elementor-widget-container\">\n\t\t\t\t\t\t\t<div class=\"elementor-spacer\">\n\t\t\t<div class=\"elementor-spacer-inner\"><\/div>\n\t\t<\/div>\n\t\t\t\t\t\t<\/div>\n\t\t\t\t<\/div>\n\t\t\t\t<div class=\"elementor-element elementor-element-7e2a4fc elementor-widget elementor-widget-heading\" data-id=\"7e2a4fc\" data-element_type=\"widget\" data-e-type=\"widget\" data-widget_type=\"heading.default\">\n\t\t\t\t<div class=\"elementor-widget-container\">\n\t\t\t\t\t<h2 class=\"elementor-heading-title elementor-size-default\">Kymco<\/h2>\t\t\t\t<\/div>\n\t\t\t\t<\/div>\n\t\t\t\t<div class=\"elementor-element elementor-element-ea3f551 elementor-widget elementor-widget-text-editor\" data-id=\"ea3f551\" data-element_type=\"widget\" data-e-type=\"widget\" data-widget_type=\"text-editor.default\">\n\t\t\t\t<div class=\"elementor-widget-container\">\n\t\t\t\t\t\t\t\t\t\u00a1Las motos Kymco son garant\u00eda de innovaci\u00f3n en Colombia y el mundo! Descubre los mejores dise\u00f1os de Scooter con tecnolog\u00eda de punta, \u00e1gil conducci\u00f3n y el respaldo de Auteco.\t\t\t\t\t\t\t\t<\/div>\n\t\t\t\t<\/div>\n\t\t\t\t<div class=\"elementor-element elementor-element-dd57c3c elementor-widget elementor-widget-spacer\" data-id=\"dd57c3c\" data-element_type=\"widget\" data-e-type=\"widget\" data-widget_type=\"spacer.default\">\n\t\t\t\t<div class=\"elementor-widget-container\">\n\t\t\t\t\t\t\t<div class=\"elementor-spacer\">\n\t\t\t<div class=\"elementor-spacer-inner\"><\/div>\n\t\t<\/div>\n\t\t\t\t\t\t<\/div>\n\t\t\t\t<\/div>\n\t\t\t\t\t<\/div>\n\t\t\t\t<\/div>\n\t\t<div class=\"elementor-element elementor-element-1eb881c e-flex e-con-boxed e-con e-parent\" data-id=\"1eb881c\" data-element_type=\"container\" data-e-type=\"container\" data-settings=\"{&quot;background_background&quot;:&quot;classic&quot;}\">\n\t\t\t\t\t<div class=\"e-con-inner\">\n\t\t\t\t<div class=\"elementor-element elementor-element-d6b573a elementor-widget elementor-widget-image\" data-id=\"d6b573a\" data-element_type=\"widget\" data-e-type=\"widget\" data-widget_type=\"image.default\">\n\t\t\t\t<div class=\"elementor-widget-container\">\n\t\t\t\t\t\t\t\t\t\t\t\t\t\t\t<img fetchpriority=\"high\" decoding=\"async\" width=\"2572\" height=\"858\" src=\"https:\/\/ccsmotor.com.co\/wp-content\/uploads\/2025\/02\/Captura-de-pantalla-2025-02-11-a-las-8.13.56\u202fp.m.png\" class=\"attachment-full size-full wp-image-2568\" alt=\"\" srcset=\"https:\/\/ccsmotor.com.co\/wp-content\/uploads\/2025\/02\/Captura-de-pantalla-2025-02-11-a-las-8.13.56\u202fp.m.png 2572w, https:\/\/ccsmotor.com.co\/wp-content\/uploads\/2025\/02\/Captura-de-pantalla-2025-02-11-a-las-8.13.56\u202fp.m-300x100.png 300w, https:\/\/ccsmotor.com.co\/wp-content\/uploads\/2025\/02\/Captura-de-pantalla-2025-02-11-a-las-8.13.56\u202fp.m-1024x342.png 1024w, https:\/\/ccsmotor.com.co\/wp-content\/uploads\/2025\/02\/Captura-de-pantalla-2025-02-11-a-las-8.13.56\u202fp.m-768x256.png 768w, https:\/\/ccsmotor.com.co\/wp-content\/uploads\/2025\/02\/Captura-de-pantalla-2025-02-11-a-las-8.13.56\u202fp.m-1536x512.png 1536w, https:\/\/ccsmotor.com.co\/wp-content\/uploads\/2025\/02\/Captura-de-pantalla-2025-02-11-a-las-8.13.56\u202fp.m-2048x683.png 2048w\" sizes=\"(max-width: 2572px) 100vw, 2572px\" \/>\t\t\t\t\t\t\t\t\t\t\t\t\t\t\t<\/div>\n\t\t\t\t<\/div>\n\t\t\t\t\t<\/div>\n\t\t\t\t<\/div>\n\t\t<div class=\"elementor-element elementor-element-b9cc2ed e-flex e-con-boxed elementor-invisible e-con e-parent\" data-id=\"b9cc2ed\" data-element_type=\"container\" data-e-type=\"container\" data-settings=\"{&quot;background_background&quot;:&quot;classic&quot;,&quot;animation&quot;:&quot;zoomIn&quot;}\">\n\t\t\t\t\t<div class=\"e-con-inner\">\n\t\t\t\t<div class=\"elementor-element elementor-element-2c5ae9d elementor-widget elementor-widget-spacer\" data-id=\"2c5ae9d\" data-element_type=\"widget\" data-e-type=\"widget\" data-widget_type=\"spacer.default\">\n\t\t\t\t<div class=\"elementor-widget-container\">\n\t\t\t\t\t\t\t<div class=\"elementor-spacer\">\n\t\t\t<div class=\"elementor-spacer-inner\"><\/div>\n\t\t<\/div>\n\t\t\t\t\t\t<\/div>\n\t\t\t\t<\/div>\n\t\t\t\t<div class=\"elementor-element elementor-element-d912189 elementor-widget elementor-widget-heading\" data-id=\"d912189\" data-element_type=\"widget\" data-e-type=\"widget\" data-widget_type=\"heading.default\">\n\t\t\t\t<div class=\"elementor-widget-container\">\n\t\t\t\t\t<h2 class=\"elementor-heading-title elementor-size-default\">SCOOTERS<\/h2>\t\t\t\t<\/div>\n\t\t\t\t<\/div>\n\t\t\t\t<div class=\"elementor-element elementor-element-15bdc7c elementor-widget elementor-widget-text-editor\" data-id=\"15bdc7c\" data-element_type=\"widget\" data-e-type=\"widget\" data-widget_type=\"text-editor.default\">\n\t\t\t\t<div class=\"elementor-widget-container\">\n\t\t\t\t\t\t\t\t\tTodo nuestro conocimiento a lo largo de 5 d\u00e9cadas ha sido puesto en cada detalle de nuestras Maxiscooters. Motos hechas para un p\u00fablico m\u00e1s exigente, a quien le entregamos todo el estilo, dominio y desempe\u00f1o que solo una Kymco puede lograr en las calles.\t\t\t\t\t\t\t\t<\/div>\n\t\t\t\t<\/div>\n\t\t\t\t<div class=\"elementor-element elementor-element-de209a2 elementor-widget elementor-widget-spacer\" data-id=\"de209a2\" data-element_type=\"widget\" data-e-type=\"widget\" data-widget_type=\"spacer.default\">\n\t\t\t\t<div class=\"elementor-widget-container\">\n\t\t\t\t\t\t\t<div class=\"elementor-spacer\">\n\t\t\t<div class=\"elementor-spacer-inner\"><\/div>\n\t\t<\/div>\n\t\t\t\t\t\t<\/div>\n\t\t\t\t<\/div>\n\t\t\t\t\t<\/div>\n\t\t\t\t<\/div>\n\t\t<div class=\"elementor-element elementor-element-7e21017 e-flex e-con-boxed e-con e-parent\" data-id=\"7e21017\" data-element_type=\"container\" data-e-type=\"container\" id=\"todoterreno\">\n\t\t\t\t\t<div class=\"e-con-inner\">\n\t\t\t\t<div class=\"elementor-element elementor-element-7fe63d1 elementor-widget elementor-widget-spacer\" data-id=\"7fe63d1\" data-element_type=\"widget\" data-e-type=\"widget\" data-widget_type=\"spacer.default\">\n\t\t\t\t<div class=\"elementor-widget-container\">\n\t\t\t\t\t\t\t<div class=\"elementor-spacer\">\n\t\t\t<div class=\"elementor-spacer-inner\"><\/div>\n\t\t<\/div>\n\t\t\t\t\t\t<\/div>\n\t\t\t\t<\/div>\n\t\t\t\t\t<\/div>\n\t\t\t\t<\/div>\n\t\t<div class=\"elementor-element elementor-element-8897508 e-flex e-con-boxed e-con e-parent\" data-id=\"8897508\" data-element_type=\"container\" data-e-type=\"container\">\n\t\t\t\t\t<div class=\"e-con-inner\">\n\t\t<div class=\"elementor-element elementor-element-61582f2 e-con-full e-flex e-con e-child\" data-id=\"61582f2\" data-element_type=\"container\" data-e-type=\"container\">\n\t\t\t\t<div class=\"elementor-element elementor-element-11e8dae elementor-cta--skin-classic elementor-animated-content elementor-bg-transform elementor-bg-transform-zoom-in elementor-widget elementor-widget-call-to-action\" data-id=\"11e8dae\" data-element_type=\"widget\" data-e-type=\"widget\" data-widget_type=\"call-to-action.default\">\n\t\t\t\t<div class=\"elementor-widget-container\">\n\t\t\t\t\t\t\t<div class=\"elementor-cta\">\n\t\t\t\t\t<div class=\"elementor-cta__bg-wrapper\">\n\t\t\t\t<div class=\"elementor-cta__bg elementor-bg\" style=\"background-image: url(https:\/\/ccsmotor.com.co\/wp-content\/uploads\/2025\/02\/1.png);\" role=\"img\" aria-label=\"1\"><\/div>\n\t\t\t\t<div class=\"elementor-cta__bg-overlay\"><\/div>\n\t\t\t<\/div>\n\t\t\t\t\t\t\t<div class=\"elementor-cta__content\">\n\t\t\t\t\n\t\t\t\t\t\t\t\t\t<h2 class=\"elementor-cta__title elementor-cta__content-item elementor-content-item\">\n\t\t\t\t\t\tMOTO KYMCO TWIST\t\t\t\t\t<\/h2>\n\t\t\t\t\n\t\t\t\t\n\t\t\t\t\t\t\t\t\t<div class=\"elementor-cta__button-wrapper elementor-cta__content-item elementor-content-item \">\n\t\t\t\t\t<a class=\"elementor-cta__button elementor-button elementor-size-\" href=\"https:\/\/ccsmotor.com.co\/index.php\/kymco-twist\/\">\n\t\t\t\t\t\tM\u00e1s informaci\u00f3n\t\t\t\t\t<\/a>\n\t\t\t\t\t<\/div>\n\t\t\t\t\t\t\t<\/div>\n\t\t\t\t\t\t<\/div>\n\t\t\t\t\t\t<\/div>\n\t\t\t\t<\/div>\n\t\t\t\t<\/div>\n\t\t<div class=\"elementor-element elementor-element-b00107d e-con-full e-flex e-con e-child\" data-id=\"b00107d\" data-element_type=\"container\" data-e-type=\"container\">\n\t\t\t\t<div class=\"elementor-element elementor-element-97c8b1c elementor-cta--skin-classic elementor-animated-content elementor-bg-transform elementor-bg-transform-zoom-in elementor-widget elementor-widget-call-to-action\" data-id=\"97c8b1c\" data-element_type=\"widget\" data-e-type=\"widget\" data-widget_type=\"call-to-action.default\">\n\t\t\t\t<div class=\"elementor-widget-container\">\n\t\t\t\t\t\t\t<div class=\"elementor-cta\">\n\t\t\t\t\t<div class=\"elementor-cta__bg-wrapper\">\n\t\t\t\t<div class=\"elementor-cta__bg elementor-bg\" style=\"background-image: url(https:\/\/ccsmotor.com.co\/wp-content\/uploads\/2025\/02\/3.png);\" role=\"img\" aria-label=\"3\"><\/div>\n\t\t\t\t<div class=\"elementor-cta__bg-overlay\"><\/div>\n\t\t\t<\/div>\n\t\t\t\t\t\t\t<div class=\"elementor-cta__content\">\n\t\t\t\t\n\t\t\t\t\t\t\t\t\t<h2 class=\"elementor-cta__title elementor-cta__content-item elementor-content-item\">\n\t\t\t\t\t\tMOTO AGILITY FUSION\t\t\t\t\t<\/h2>\n\t\t\t\t\n\t\t\t\t\n\t\t\t\t\t\t\t\t\t<div class=\"elementor-cta__button-wrapper elementor-cta__content-item elementor-content-item \">\n\t\t\t\t\t<a class=\"elementor-cta__button elementor-button elementor-size-\" href=\"https:\/\/ccsmotor.com.co\/index.php\/kymco-agility-fusion\">\n\t\t\t\t\t\tM\u00e1s informaci\u00f3n\t\t\t\t\t<\/a>\n\t\t\t\t\t<\/div>\n\t\t\t\t\t\t\t<\/div>\n\t\t\t\t\t\t<\/div>\n\t\t\t\t\t\t<\/div>\n\t\t\t\t<\/div>\n\t\t\t\t<\/div>\n\t\t\t\t\t<\/div>\n\t\t\t\t<\/div>\n\t\t<div class=\"elementor-element elementor-element-72ce860 e-flex e-con-boxed e-con e-parent\" data-id=\"72ce860\" data-element_type=\"container\" data-e-type=\"container\" data-settings=\"{&quot;background_background&quot;:&quot;classic&quot;}\">\n\t\t\t\t\t<div class=\"e-con-inner\">\n\t\t<div class=\"elementor-element elementor-element-4da2f29 e-con-full e-flex e-con e-child\" data-id=\"4da2f29\" data-element_type=\"container\" data-e-type=\"container\">\n\t\t\t\t<div class=\"elementor-element elementor-element-0c9d48a elementor-widget elementor-widget-heading\" data-id=\"0c9d48a\" data-element_type=\"widget\" data-e-type=\"widget\" data-widget_type=\"heading.default\">\n\t\t\t\t<div class=\"elementor-widget-container\">\n\t\t\t\t\t<h2 class=\"elementor-heading-title elementor-size-default\">TU KYMCO EST\u00c1 MAS CERCA DE LO QUE TE IMAGINAS<\/h2>\t\t\t\t<\/div>\n\t\t\t\t<\/div>\n\t\t\t\t<div class=\"elementor-element elementor-element-0ecea57 elementor-widget elementor-widget-button\" data-id=\"0ecea57\" data-element_type=\"widget\" data-e-type=\"widget\" data-widget_type=\"button.default\">\n\t\t\t\t<div class=\"elementor-widget-container\">\n\t\t\t\t\t\t\t\t\t<div class=\"elementor-button-wrapper\">\n\t\t\t\t\t<a class=\"elementor-button elementor-button-link elementor-size-sm\" href=\"#\">\n\t\t\t\t\t\t<span class=\"elementor-button-content-wrapper\">\n\t\t\t\t\t\t\t\t\t<span class=\"elementor-button-text\">Hablar con un asesor<\/span>\n\t\t\t\t\t<\/span>\n\t\t\t\t\t<\/a>\n\t\t\t\t<\/div>\n\t\t\t\t\t\t\t\t<\/div>\n\t\t\t\t<\/div>\n\t\t\t\t<\/div>\n\t\t<div class=\"elementor-element elementor-element-683808a e-con-full e-flex e-con e-child\" data-id=\"683808a\" data-element_type=\"container\" data-e-type=\"container\">\n\t\t\t\t<\/div>\n\t\t\t\t\t<\/div>\n\t\t\t\t<\/div>\n\t\t\t\t<\/div>\n\t\t","protected":false},"excerpt":{"rendered":"<p>Kymco \u00a1Las motos Kymco son garant\u00eda de innovaci\u00f3n en Colombia y el mundo! Descubre los mejores dise\u00f1os de Scooter con tecnolog\u00eda de punta, \u00e1gil conducci\u00f3n y el respaldo de Auteco. SCOOTERS Todo nuestro conocimiento a lo largo de 5 d\u00e9cadas ha sido puesto en cada detalle de nuestras Maxiscooters. Motos hechas para un p\u00fablico m\u00e1s [&hellip;]<\/p>\n","protected":false},"author":1,"featured_media":0,"parent":0,"menu_order":0,"comment_status":"closed","ping_status":"closed","template":"elementor_header_footer","meta":{"_monsterinsights_skip_tracking":false,"_monsterinsights_sitenote_active":false,"_monsterinsights_sitenote_note":"","_monsterinsights_sitenote_category":0,"footnotes":""},"class_list":["post-2558","page","type-page","status-publish","hentry"],"yoast_head":"<!-- This site is optimized with the Yoast SEO plugin v27.4 - https:\/\/yoast.com\/product\/yoast-seo-wordpress\/ -->\n<title>Kymco - CCS MOTOR<\/title>\n<meta name=\"robots\" content=\"index, follow, max-snippet:-1, max-image-preview:large, max-video-preview:-1\" \/>\n<link rel=\"canonical\" href=\"https:\/\/ccsmotor.com.co\/index.php\/kymco\/\" \/>\n<meta property=\"og:locale\" content=\"es_ES\" \/>\n<meta property=\"og:type\" content=\"article\" \/>\n<meta property=\"og:title\" content=\"Kymco - CCS MOTOR\" \/>\n<meta property=\"og:description\" content=\"Kymco \u00a1Las motos Kymco son garant\u00eda de innovaci\u00f3n en Colombia y el mundo! Descubre los mejores dise\u00f1os de Scooter con tecnolog\u00eda de punta, \u00e1gil conducci\u00f3n y el respaldo de Auteco. SCOOTERS Todo nuestro conocimiento a lo largo de 5 d\u00e9cadas ha sido puesto en cada detalle de nuestras Maxiscooters. Motos hechas para un p\u00fablico m\u00e1s [&hellip;]\" \/>\n<meta property=\"og:url\" content=\"https:\/\/ccsmotor.com.co\/index.php\/kymco\/\" \/>\n<meta property=\"og:site_name\" content=\"CCS MOTOR\" \/>\n<meta property=\"article:publisher\" content=\"https:\/\/www.facebook.com\/ccsmotorauteco\" \/>\n<meta property=\"article:modified_time\" content=\"2025-04-16T23:24:32+00:00\" \/>\n<meta property=\"og:image\" content=\"https:\/\/ccsmotor.com.co\/wp-content\/uploads\/2025\/02\/76f5e365-9477-4864-90e3-40222d843d42___38549e4b954564dfac80296e42c6125c-1.webp\" \/>\n<meta name=\"twitter:card\" content=\"summary_large_image\" \/>\n<meta name=\"twitter:label1\" content=\"Tiempo de lectura\" \/>\n\t<meta name=\"twitter:data1\" content=\"1 minuto\" \/>\n<script type=\"application\/ld+json\" class=\"yoast-schema-graph\">{\"@context\":\"https:\\\/\\\/schema.org\",\"@graph\":[{\"@type\":\"WebPage\",\"@id\":\"https:\\\/\\\/ccsmotor.com.co\\\/index.php\\\/kymco\\\/\",\"url\":\"https:\\\/\\\/ccsmotor.com.co\\\/index.php\\\/kymco\\\/\",\"name\":\"Kymco - CCS MOTOR\",\"isPartOf\":{\"@id\":\"https:\\\/\\\/ccsmotor.com.co\\\/#website\"},\"primaryImageOfPage\":{\"@id\":\"https:\\\/\\\/ccsmotor.com.co\\\/index.php\\\/kymco\\\/#primaryimage\"},\"image\":{\"@id\":\"https:\\\/\\\/ccsmotor.com.co\\\/index.php\\\/kymco\\\/#primaryimage\"},\"thumbnailUrl\":\"https:\\\/\\\/ccsmotor.com.co\\\/wp-content\\\/uploads\\\/2025\\\/02\\\/76f5e365-9477-4864-90e3-40222d843d42___38549e4b954564dfac80296e42c6125c-1.webp\",\"datePublished\":\"2025-02-12T00:38:41+00:00\",\"dateModified\":\"2025-04-16T23:24:32+00:00\",\"breadcrumb\":{\"@id\":\"https:\\\/\\\/ccsmotor.com.co\\\/index.php\\\/kymco\\\/#breadcrumb\"},\"inLanguage\":\"es-CO\",\"potentialAction\":[{\"@type\":\"ReadAction\",\"target\":[\"https:\\\/\\\/ccsmotor.com.co\\\/index.php\\\/kymco\\\/\"]}]},{\"@type\":\"ImageObject\",\"inLanguage\":\"es-CO\",\"@id\":\"https:\\\/\\\/ccsmotor.com.co\\\/index.php\\\/kymco\\\/#primaryimage\",\"url\":\"https:\\\/\\\/ccsmotor.com.co\\\/wp-content\\\/uploads\\\/2025\\\/02\\\/76f5e365-9477-4864-90e3-40222d843d42___38549e4b954564dfac80296e42c6125c-1.webp\",\"contentUrl\":\"https:\\\/\\\/ccsmotor.com.co\\\/wp-content\\\/uploads\\\/2025\\\/02\\\/76f5e365-9477-4864-90e3-40222d843d42___38549e4b954564dfac80296e42c6125c-1.webp\",\"width\":298,\"height\":60},{\"@type\":\"BreadcrumbList\",\"@id\":\"https:\\\/\\\/ccsmotor.com.co\\\/index.php\\\/kymco\\\/#breadcrumb\",\"itemListElement\":[{\"@type\":\"ListItem\",\"position\":1,\"name\":\"Inicio\",\"item\":\"https:\\\/\\\/ccsmotor.com.co\\\/\"},{\"@type\":\"ListItem\",\"position\":2,\"name\":\"Kymco\"}]},{\"@type\":\"WebSite\",\"@id\":\"https:\\\/\\\/ccsmotor.com.co\\\/#website\",\"url\":\"https:\\\/\\\/ccsmotor.com.co\\\/\",\"name\":\"CCS MOTOR\",\"description\":\"concecionario autorizado\",\"publisher\":{\"@id\":\"https:\\\/\\\/ccsmotor.com.co\\\/#organization\"},\"potentialAction\":[{\"@type\":\"SearchAction\",\"target\":{\"@type\":\"EntryPoint\",\"urlTemplate\":\"https:\\\/\\\/ccsmotor.com.co\\\/?s={search_term_string}\"},\"query-input\":{\"@type\":\"PropertyValueSpecification\",\"valueRequired\":true,\"valueName\":\"search_term_string\"}}],\"inLanguage\":\"es-CO\"},{\"@type\":\"Organization\",\"@id\":\"https:\\\/\\\/ccsmotor.com.co\\\/#organization\",\"name\":\"CCS MOTOR\",\"url\":\"https:\\\/\\\/ccsmotor.com.co\\\/\",\"logo\":{\"@type\":\"ImageObject\",\"inLanguage\":\"es-CO\",\"@id\":\"https:\\\/\\\/ccsmotor.com.co\\\/#\\\/schema\\\/logo\\\/image\\\/\",\"url\":\"https:\\\/\\\/ccsmotor.com.co\\\/wp-content\\\/uploads\\\/2024\\\/08\\\/LOGO.png\",\"contentUrl\":\"https:\\\/\\\/ccsmotor.com.co\\\/wp-content\\\/uploads\\\/2024\\\/08\\\/LOGO.png\",\"width\":300,\"height\":205,\"caption\":\"CCS MOTOR\"},\"image\":{\"@id\":\"https:\\\/\\\/ccsmotor.com.co\\\/#\\\/schema\\\/logo\\\/image\\\/\"},\"sameAs\":[\"https:\\\/\\\/www.facebook.com\\\/ccsmotorauteco\",\"https:\\\/\\\/www.instagram.com\\\/ccsmotorauteco\\\/\"]}]}<\/script>\n<!-- \/ Yoast SEO plugin. -->","yoast_head_json":{"title":"Kymco - CCS MOTOR","robots":{"index":"index","follow":"follow","max-snippet":"max-snippet:-1","max-image-preview":"max-image-preview:large","max-video-preview":"max-video-preview:-1"},"canonical":"https:\/\/ccsmotor.com.co\/index.php\/kymco\/","og_locale":"es_ES","og_type":"article","og_title":"Kymco - CCS MOTOR","og_description":"Kymco \u00a1Las motos Kymco son garant\u00eda de innovaci\u00f3n en Colombia y el mundo! Descubre los mejores dise\u00f1os de Scooter con tecnolog\u00eda de punta, \u00e1gil conducci\u00f3n y el respaldo de Auteco. SCOOTERS Todo nuestro conocimiento a lo largo de 5 d\u00e9cadas ha sido puesto en cada detalle de nuestras Maxiscooters. Motos hechas para un p\u00fablico m\u00e1s [&hellip;]","og_url":"https:\/\/ccsmotor.com.co\/index.php\/kymco\/","og_site_name":"CCS MOTOR","article_publisher":"https:\/\/www.facebook.com\/ccsmotorauteco","article_modified_time":"2025-04-16T23:24:32+00:00","og_image":[{"url":"https:\/\/ccsmotor.com.co\/wp-content\/uploads\/2025\/02\/76f5e365-9477-4864-90e3-40222d843d42___38549e4b954564dfac80296e42c6125c-1.webp","type":"","width":"","height":""}],"twitter_card":"summary_large_image","twitter_misc":{"Tiempo de lectura":"1 minuto"},"schema":{"@context":"https:\/\/schema.org","@graph":[{"@type":"WebPage","@id":"https:\/\/ccsmotor.com.co\/index.php\/kymco\/","url":"https:\/\/ccsmotor.com.co\/index.php\/kymco\/","name":"Kymco - CCS MOTOR","isPartOf":{"@id":"https:\/\/ccsmotor.com.co\/#website"},"primaryImageOfPage":{"@id":"https:\/\/ccsmotor.com.co\/index.php\/kymco\/#primaryimage"},"image":{"@id":"https:\/\/ccsmotor.com.co\/index.php\/kymco\/#primaryimage"},"thumbnailUrl":"https:\/\/ccsmotor.com.co\/wp-content\/uploads\/2025\/02\/76f5e365-9477-4864-90e3-40222d843d42___38549e4b954564dfac80296e42c6125c-1.webp","datePublished":"2025-02-12T00:38:41+00:00","dateModified":"2025-04-16T23:24:32+00:00","breadcrumb":{"@id":"https:\/\/ccsmotor.com.co\/index.php\/kymco\/#breadcrumb"},"inLanguage":"es-CO","potentialAction":[{"@type":"ReadAction","target":["https:\/\/ccsmotor.com.co\/index.php\/kymco\/"]}]},{"@type":"ImageObject","inLanguage":"es-CO","@id":"https:\/\/ccsmotor.com.co\/index.php\/kymco\/#primaryimage","url":"https:\/\/ccsmotor.com.co\/wp-content\/uploads\/2025\/02\/76f5e365-9477-4864-90e3-40222d843d42___38549e4b954564dfac80296e42c6125c-1.webp","contentUrl":"https:\/\/ccsmotor.com.co\/wp-content\/uploads\/2025\/02\/76f5e365-9477-4864-90e3-40222d843d42___38549e4b954564dfac80296e42c6125c-1.webp","width":298,"height":60},{"@type":"BreadcrumbList","@id":"https:\/\/ccsmotor.com.co\/index.php\/kymco\/#breadcrumb","itemListElement":[{"@type":"ListItem","position":1,"name":"Inicio","item":"https:\/\/ccsmotor.com.co\/"},{"@type":"ListItem","position":2,"name":"Kymco"}]},{"@type":"WebSite","@id":"https:\/\/ccsmotor.com.co\/#website","url":"https:\/\/ccsmotor.com.co\/","name":"CCS MOTOR","description":"concecionario autorizado","publisher":{"@id":"https:\/\/ccsmotor.com.co\/#organization"},"potentialAction":[{"@type":"SearchAction","target":{"@type":"EntryPoint","urlTemplate":"https:\/\/ccsmotor.com.co\/?s={search_term_string}"},"query-input":{"@type":"PropertyValueSpecification","valueRequired":true,"valueName":"search_term_string"}}],"inLanguage":"es-CO"},{"@type":"Organization","@id":"https:\/\/ccsmotor.com.co\/#organization","name":"CCS MOTOR","url":"https:\/\/ccsmotor.com.co\/","logo":{"@type":"ImageObject","inLanguage":"es-CO","@id":"https:\/\/ccsmotor.com.co\/#\/schema\/logo\/image\/","url":"https:\/\/ccsmotor.com.co\/wp-content\/uploads\/2024\/08\/LOGO.png","contentUrl":"https:\/\/ccsmotor.com.co\/wp-content\/uploads\/2024\/08\/LOGO.png","width":300,"height":205,"caption":"CCS MOTOR"},"image":{"@id":"https:\/\/ccsmotor.com.co\/#\/schema\/logo\/image\/"},"sameAs":["https:\/\/www.facebook.com\/ccsmotorauteco","https:\/\/www.instagram.com\/ccsmotorauteco\/"]}]}},"_hostinger_reach_plugin_has_subscription_block":false,"_hostinger_reach_plugin_is_elementor":false,"_links":{"self":[{"href":"https:\/\/ccsmotor.com.co\/index.php\/wp-json\/wp\/v2\/pages\/2558","targetHints":{"allow":["GET"]}}],"collection":[{"href":"https:\/\/ccsmotor.com.co\/index.php\/wp-json\/wp\/v2\/pages"}],"about":[{"href":"https:\/\/ccsmotor.com.co\/index.php\/wp-json\/wp\/v2\/types\/page"}],"author":[{"embeddable":true,"href":"https:\/\/ccsmotor.com.co\/index.php\/wp-json\/wp\/v2\/users\/1"}],"replies":[{"embeddable":true,"href":"https:\/\/ccsmotor.com.co\/index.php\/wp-json\/wp\/v2\/comments?post=2558"}],"version-history":[{"count":22,"href":"https:\/\/ccsmotor.com.co\/index.php\/wp-json\/wp\/v2\/pages\/2558\/revisions"}],"predecessor-version":[{"id":2714,"href":"https:\/\/ccsmotor.com.co\/index.php\/wp-json\/wp\/v2\/pages\/2558\/revisions\/2714"}],"wp:attachment":[{"href":"https:\/\/ccsmotor.com.co\/index.php\/wp-json\/wp\/v2\/media?parent=2558"}],"curies":[{"name":"wp","href":"https:\/\/api.w.org\/{rel}","templated":true}]}}